{"id":385,"date":"2023-02-09T14:03:49","date_gmt":"2023-02-09T14:03:49","guid":{"rendered":"http:\/\/collectiupenjam.com\/?page_id=385"},"modified":"2023-02-11T18:41:57","modified_gmt":"2023-02-11T18:41:57","slug":"la-nostra-imatge-3","status":"publish","type":"page","link":"http:\/\/collectiupenjam.com\/index.php\/la-nostra-imatge-3\/","title":{"rendered":"La Nostra imatge"},"content":{"rendered":"\n<figure class=\"wp-block-image size-large\"><img decoding=\"async\" loading=\"lazy\" width=\"676\" height=\"996\" src=\"http:\/\/collectiupenjam.com\/wp-content\/uploads\/2023\/02\/image_editor_output_image1821654262-1675949606094.jpg\" alt=\"\" class=\"wp-image-391\" srcset=\"http:\/\/collectiupenjam.com\/wp-content\/uploads\/2023\/02\/image_editor_output_image1821654262-1675949606094.jpg 676w, http:\/\/collectiupenjam.com\/wp-content\/uploads\/2023\/02\/image_editor_output_image1821654262-1675949606094-204x300.jpg 204w\" sizes=\"(max-width: 676px) 100vw, 676px\" \/><\/figure>\n\n\n\n<p>Aquest \u00e9s el Gran Xavier Monsalvatje , des de el minut u ha est\u00e0 recolzant i col.laborant amb el nostre projecte , un orgull i un plaer tindre&#8217;l sempre al nostre costat .<\/p>\n\n\n\n<figure class=\"wp-block-image size-full is-resized\"><img decoding=\"async\" loading=\"lazy\" src=\"http:\/\/collectiupenjam.com\/wp-content\/uploads\/2023\/02\/cropped-cropped-IMG-20190218-WA0021.jpg\" alt=\"\" class=\"wp-image-361\" width=\"181\" height=\"181\" srcset=\"http:\/\/collectiupenjam.com\/wp-content\/uploads\/2023\/02\/cropped-cropped-IMG-20190218-WA0021.jpg 512w, http:\/\/collectiupenjam.com\/wp-content\/uploads\/2023\/02\/cropped-cropped-IMG-20190218-WA0021-300x300.jpg 300w, http:\/\/collectiupenjam.com\/wp-content\/uploads\/2023\/02\/cropped-cropped-IMG-20190218-WA0021-150x150.jpg 150w, http:\/\/collectiupenjam.com\/wp-content\/uploads\/2023\/02\/cropped-cropped-IMG-20190218-WA0021-270x270.jpg 270w, http:\/\/collectiupenjam.com\/wp-content\/uploads\/2023\/02\/cropped-cropped-IMG-20190218-WA0021-192x192.jpg 192w, http:\/\/collectiupenjam.com\/wp-content\/uploads\/2023\/02\/cropped-cropped-IMG-20190218-WA0021-180x180.jpg 180w, http:\/\/collectiupenjam.com\/wp-content\/uploads\/2023\/02\/cropped-cropped-IMG-20190218-WA0021-32x32.jpg 32w\" sizes=\"(max-width: 181px) 100vw, 181px\" \/><figcaption class=\"wp-element-caption\">la gran majoria de la nostra imatge gr\u00e0fica \u00e9s seua , l&#8217;idea de la perxa com logo ,tamb\u00e9.<\/figcaption><\/figure>\n\n\n\n<p>Ac\u00ed teniu una mostra de les seves magnifiques col\u00b7laboracions :<\/p>\n\n\n\n<figure class=\"wp-block-image size-large\"><img decoding=\"async\" loading=\"lazy\" width=\"717\" height=\"1024\" src=\"http:\/\/collectiupenjam.com\/wp-content\/uploads\/2023\/02\/Cartel-Penjam-Xavier-Monsalvatje-2-717x1024.jpg\" alt=\"\" class=\"wp-image-540\" srcset=\"http:\/\/collectiupenjam.com\/wp-content\/uploads\/2023\/02\/Cartel-Penjam-Xavier-Monsalvatje-2-717x1024.jpg 717w, http:\/\/collectiupenjam.com\/wp-content\/uploads\/2023\/02\/Cartel-Penjam-Xavier-Monsalvatje-2-210x300.jpg 210w, http:\/\/collectiupenjam.com\/wp-content\/uploads\/2023\/02\/Cartel-Penjam-Xavier-Monsalvatje-2-768x1097.jpg 768w, http:\/\/collectiupenjam.com\/wp-content\/uploads\/2023\/02\/Cartel-Penjam-Xavier-Monsalvatje-2-1075x1536.jpg 1075w, http:\/\/collectiupenjam.com\/wp-content\/uploads\/2023\/02\/Cartel-Penjam-Xavier-Monsalvatje-2-1434x2048.jpg 1434w, http:\/\/collectiupenjam.com\/wp-content\/uploads\/2023\/02\/Cartel-Penjam-Xavier-Monsalvatje-2-1200x1714.jpg 1200w, http:\/\/collectiupenjam.com\/wp-content\/uploads\/2023\/02\/Cartel-Penjam-Xavier-Monsalvatje-2-1980x2829.jpg 1980w, http:\/\/collectiupenjam.com\/wp-content\/uploads\/2023\/02\/Cartel-Penjam-Xavier-Monsalvatje-2-scaled.jpg 1792w\" sizes=\"(max-width: 717px) 100vw, 717px\" \/><\/figure>\n\n\n\n<figure class=\"wp-block-image size-full\"><img decoding=\"async\" loading=\"lazy\" width=\"720\" height=\"1011\" src=\"http:\/\/collectiupenjam.com\/wp-content\/uploads\/2023\/02\/wp-1676138481289.jpg\" alt=\"\" class=\"wp-image-549\" srcset=\"http:\/\/collectiupenjam.com\/wp-content\/uploads\/2023\/02\/wp-1676138481289.jpg 720w, http:\/\/collectiupenjam.com\/wp-content\/uploads\/2023\/02\/wp-1676138481289-214x300.jpg 214w\" sizes=\"(max-width: 720px) 100vw, 720px\" \/><\/figure>\n\n\n\n<figure class=\"wp-block-image size-full\"><img decoding=\"async\" loading=\"lazy\" width=\"702\" height=\"704\" src=\"http:\/\/collectiupenjam.com\/wp-content\/uploads\/2023\/02\/wp-1676138481323.jpg\" alt=\"\" class=\"wp-image-553\" srcset=\"http:\/\/collectiupenjam.com\/wp-content\/uploads\/2023\/02\/wp-1676138481323.jpg 702w, http:\/\/collectiupenjam.com\/wp-content\/uploads\/2023\/02\/wp-1676138481323-300x300.jpg 300w, http:\/\/collectiupenjam.com\/wp-content\/uploads\/2023\/02\/wp-1676138481323-150x150.jpg 150w\" sizes=\"(max-width: 702px) 100vw, 702px\" \/><\/figure>\n\n\n\n<figure class=\"wp-block-image size-large\"><img decoding=\"async\" loading=\"lazy\" width=\"1024\" height=\"1024\" src=\"http:\/\/collectiupenjam.com\/wp-content\/uploads\/2023\/02\/wp-1676138077161-1024x1024.jpg\" alt=\"\" class=\"wp-image-544\" srcset=\"http:\/\/collectiupenjam.com\/wp-content\/uploads\/2023\/02\/wp-1676138077161-1024x1024.jpg 1024w, http:\/\/collectiupenjam.com\/wp-content\/uploads\/2023\/02\/wp-1676138077161-300x300.jpg 300w, http:\/\/collectiupenjam.com\/wp-content\/uploads\/2023\/02\/wp-1676138077161-150x150.jpg 150w, http:\/\/collectiupenjam.com\/wp-content\/uploads\/2023\/02\/wp-1676138077161-768x768.jpg 768w, http:\/\/collectiupenjam.com\/wp-content\/uploads\/2023\/02\/wp-1676138077161-1536x1536.jpg 1536w, http:\/\/collectiupenjam.com\/wp-content\/uploads\/2023\/02\/wp-1676138077161-1200x1200.jpg 1200w, http:\/\/collectiupenjam.com\/wp-content\/uploads\/2023\/02\/wp-1676138077161.jpg 1920w\" sizes=\"(max-width: 1024px) 100vw, 1024px\" \/><\/figure>\n\n\n\n<figure class=\"wp-block-image size-large\"><img decoding=\"async\" loading=\"lazy\" width=\"1024\" height=\"1024\" src=\"http:\/\/collectiupenjam.com\/wp-content\/uploads\/2023\/02\/wp-1676138481312-1024x1024.jpg\" alt=\"\" class=\"wp-image-552\" srcset=\"http:\/\/collectiupenjam.com\/wp-content\/uploads\/2023\/02\/wp-1676138481312-1024x1024.jpg 1024w, http:\/\/collectiupenjam.com\/wp-content\/uploads\/2023\/02\/wp-1676138481312-300x300.jpg 300w, http:\/\/collectiupenjam.com\/wp-content\/uploads\/2023\/02\/wp-1676138481312-150x150.jpg 150w, http:\/\/collectiupenjam.com\/wp-content\/uploads\/2023\/02\/wp-1676138481312-768x768.jpg 768w, http:\/\/collectiupenjam.com\/wp-content\/uploads\/2023\/02\/wp-1676138481312-1536x1536.jpg 1536w, http:\/\/collectiupenjam.com\/wp-content\/uploads\/2023\/02\/wp-1676138481312-2048x2048.jpg 2048w, http:\/\/collectiupenjam.com\/wp-content\/uploads\/2023\/02\/wp-1676138481312-1200x1200.jpg 1200w, http:\/\/collectiupenjam.com\/wp-content\/uploads\/2023\/02\/wp-1676138481312-1980x1980.jpg 1980w\" sizes=\"(max-width: 1024px) 100vw, 1024px\" \/><\/figure>\n\n\n\n<figure class=\"wp-block-image size-large\"><img decoding=\"async\" loading=\"lazy\" width=\"1024\" height=\"535\" src=\"http:\/\/collectiupenjam.com\/wp-content\/uploads\/2023\/02\/wp-1676138481338-1024x535.jpg\" alt=\"\" class=\"wp-image-554\" srcset=\"http:\/\/collectiupenjam.com\/wp-content\/uploads\/2023\/02\/wp-1676138481338-1024x535.jpg 1024w, http:\/\/collectiupenjam.com\/wp-content\/uploads\/2023\/02\/wp-1676138481338-300x157.jpg 300w, http:\/\/collectiupenjam.com\/wp-content\/uploads\/2023\/02\/wp-1676138481338-768x402.jpg 768w, http:\/\/collectiupenjam.com\/wp-content\/uploads\/2023\/02\/wp-1676138481338-1200x627.jpg 1200w, http:\/\/collectiupenjam.com\/wp-content\/uploads\/2023\/02\/wp-1676138481338.jpg 1375w\" sizes=\"(max-width: 1024px) 100vw, 1024px\" \/><\/figure>\n\n\n\n<figure class=\"wp-block-image size-large\"><img decoding=\"async\" loading=\"lazy\" width=\"1024\" height=\"1024\" src=\"http:\/\/collectiupenjam.com\/wp-content\/uploads\/2023\/02\/Penjam-22-_-1-Xavier-Monsalvatje-1024x1024.jpg\" alt=\"\" class=\"wp-image-541\" srcset=\"http:\/\/collectiupenjam.com\/wp-content\/uploads\/2023\/02\/Penjam-22-_-1-Xavier-Monsalvatje-1024x1024.jpg 1024w, http:\/\/collectiupenjam.com\/wp-content\/uploads\/2023\/02\/Penjam-22-_-1-Xavier-Monsalvatje-300x300.jpg 300w, http:\/\/collectiupenjam.com\/wp-content\/uploads\/2023\/02\/Penjam-22-_-1-Xavier-Monsalvatje-150x150.jpg 150w, http:\/\/collectiupenjam.com\/wp-content\/uploads\/2023\/02\/Penjam-22-_-1-Xavier-Monsalvatje-768x768.jpg 768w, http:\/\/collectiupenjam.com\/wp-content\/uploads\/2023\/02\/Penjam-22-_-1-Xavier-Monsalvatje-1536x1536.jpg 1536w, http:\/\/collectiupenjam.com\/wp-content\/uploads\/2023\/02\/Penjam-22-_-1-Xavier-Monsalvatje-2048x2048.jpg 2048w, http:\/\/collectiupenjam.com\/wp-content\/uploads\/2023\/02\/Penjam-22-_-1-Xavier-Monsalvatje-1200x1200.jpg 1200w, http:\/\/collectiupenjam.com\/wp-content\/uploads\/2023\/02\/Penjam-22-_-1-Xavier-Monsalvatje-1980x1980.jpg 1980w\" sizes=\"(max-width: 1024px) 100vw, 1024px\" \/><\/figure>\n\n\n\n<p><blockquote class=\"wp-embedded-content\" data-secret=\"PGl2nBpACb\"><a href=\"https:\/\/xaviermonsalvatje.com\/\">Inicio<\/a><\/blockquote><iframe class=\"wp-embedded-content\" sandbox=\"allow-scripts\" security=\"restricted\" style=\"position: absolute; clip: rect(1px, 1px, 1px, 1px);\" title=\"&#171;Inicio&#187; &#8212; Xavier Monsalvatje\" src=\"https:\/\/xaviermonsalvatje.com\/embed\/#?secret=PGl2nBpACb\" data-secret=\"PGl2nBpACb\" width=\"580\" height=\"327\" frameborder=\"0\" marginwidth=\"0\" marginheight=\"0\" scrolling=\"no\"><\/iframe><\/p>\n\n\n\n<figure class=\"wp-block-embed is-type-wp-embed is-provider-xavier-monsalvatje wp-block-embed-xavier-monsalvatje\"><div class=\"wp-block-embed__wrapper\">\n<blockquote class=\"wp-embedded-content\" data-secret=\"PGl2nBpACb\"><a href=\"https:\/\/xaviermonsalvatje.com\/\">Inicio<\/a><\/blockquote><iframe class=\"wp-embedded-content\" sandbox=\"allow-scripts\" security=\"restricted\" style=\"position: absolute; clip: rect(1px, 1px, 1px, 1px);\" title=\"&#171;Inicio&#187; &#8212; Xavier Monsalvatje\" src=\"https:\/\/xaviermonsalvatje.com\/embed\/#?secret=PGl2nBpACb\" data-secret=\"PGl2nBpACb\" width=\"580\" height=\"327\" frameborder=\"0\" marginwidth=\"0\" marginheight=\"0\" scrolling=\"no\"><\/iframe>\n<\/div><\/figure>\n\n\n\n<p>Xavier Monsalvatje (Godella, Val\u00e8ncia, 1965). Graduat en l&#8217;especialitat de cer\u00e0mica art\u00edstica a l&#8217;Escola d&#8217;Arts Aplicades i Oficis Art\u00edstics de Val\u00e8ncia el 1988. Tria la cer\u00e0mica perqu\u00e8 en aquests moments treballa en una f\u00e0brica de cer\u00e0mica i col\u00b7labora amb el seu germ\u00e0 Jorge, tamb\u00e9 ceramista. Ha estat alumne del ceramista Enric Mestre.<\/p>\n\n\n\n<p>En acabar els seus estudis, obt\u00e9 una beca de la Uni\u00f3 Europea per ampliar coneixements relacionats amb la cer\u00e0mica art\u00edstica a Caldas de Rainha, Portugal. L&#8217;any 1989 \u00e9s convidat al curs de cer\u00e0mica creativa de l&#8217;Escola de Cer\u00e0mica de Manises i el 1990 es gradua en l&#8217;especialitat de serigrafia a l&#8217;Escola d&#8217;Art i Disseny de Val\u00e8ncia, ja que sempre li han interessat els processos gr\u00e0fics. Membre fundador de la Societat d&#8217;artistes Purgatori el 1996. Des del 1992 el seu treball es divideix entre la cer\u00e0mica, la pintura, l&#8217;obra gr\u00e0fica, el dibuix i la instal\u00b7laci\u00f3, centrant-se en l&#8217;estudi de l&#8217;arquitectura industrial i l&#8217;urbanisme. El 1998 funda amb altres artistes La-Corporaci\u00f3n com a suport i salvaguarda del Patrimoni Industrial i el 2013 s&#8217;integra amb l&#8217;associaci\u00f3 APIVA (Associaci\u00f3 de Patrimoni Industrial Valenci\u00e0).<\/p>\n\n\n\n<p>El 2010 va ser becat pel Bornholm Kuntsmuseum com a artista en resid\u00e8ncia a la Mobelfabriken dins l&#8217;esdeveniment Ceramic Context. Durant l&#8217;any 2011 va ser ceramista convidat al departament de cer\u00e0mica de la Universitat de Wisconsin, Milwaukee ia la Universitat de Chico a Calif\u00f2rnia, als EUA i exposar la seva feina al Museu d&#8217;Albarraci, Terol, convidat per la Fundaci\u00f3 Santa Maria. El 2012 va ser becat pel Clay Studio de Filad\u00e8lfia, EUA com a ceramista resident.<\/p>\n\n\n\n<p>El 2013 \u00e9s nomenat membre de l&#8217;Acad\u00e8mia Internacional de la Cer\u00e0mica (IAC), amb seu a Ginebra, Su\u00efssa.<\/p>\n\n\n\n<p>Becat com a artista en resid\u00e8ncia pel Yingge Ceramics Museum de Taipei in Taiwan el 2015. El 2016, el Kohler Art Center al seu programa Art \/ Ind\u00fastria a Sheboygan li concedeix una beca per treballar a les seves instal\u00b7lacions a Kohler, Wisconsin, Estats Units . Guanya el premi Nacional de Cer\u00e0mica Ciutat de Castell\u00f3 i la Fundaci\u00f3 Antonio P\u00e9rez li organitza exposici\u00f3 a les seus de Conca i Sant Climent. El 2018 va ser artista resident a la Universitat de Wisconsin a Milwaukee, EUA i artista convidat a The Wedge Ceramic Studio, Reno, Nevada, EUA El 2019 s&#8217;ha vist el seu projecte En Perill Permanent al Grand Palais de Par\u00eds, dins de la Fira Revelations convidat per la Fundaci\u00f3 Fundesarte ia la Fira d&#8217;art contemporani ESTAMPA amb la galeria SET Espai d&#8217;art.<\/p>\n\n\n\n<p>El 2020 ser\u00e0 artista convidat a l&#8217;Art i Chol Madhya Pradesh, \u00cdndia i de Juny a Juliol la f\u00e0brica de porcellanes de Vista Alegre a Aveiro, Portugal, l&#8217;ha seleccionat com a artista resident. D&#8217;altra banda el seu darrer projecte ser\u00e0 exposat a la galeria Set Espai d\u2019Art ia la sala de la Fundaci\u00f3 Gim\u00e9nez Lorente de la UPV a Val\u00e8ncia durant aquest any.<\/p>\n\n\n\n<p>El 2021 la seva obra Kaos aconsegueix el primer premi del II Premi Internacional de Cartells MAKMA, Ordre i Desordre. El cartell com a mapa i territori il\u00b7lustrat de les contradiccions humanes.<\/p>\n\n\n\n<p>El seu treball ha estat incl\u00f2s en exposicions col\u00b7lectives i est\u00e0 representat en col\u00b7leccions p\u00fabliques i privades de M\u00e8xic, Finl\u00e0ndia, Estats Units, Portugal, \u00c0ustria, Rep\u00fablica de Panam\u00e0, Rep\u00fablica Dominicana, Xile, Dinamarca, Su\u00e8cia, Noruega, Holanda, Anglaterra, Canad\u00e0, Alemanya , Fran\u00e7a, Jap\u00f3, Taiwan, Corea, Xina, Mali, Argentina, Ucra\u00efna, Cro\u00e0cia, Nam\u00edbia, It\u00e0lia, Turquia i Taiwan, entre altres pa\u00efsos.<\/p>\n\n\n\n<p>Compagina la seva feina al taller amb la doc\u00e8ncia de cursos de cer\u00e0mica.<\/p>\n\n\n\n<p><\/p>\n","protected":false},"excerpt":{"rendered":"<p>Aquest \u00e9s el Gran Xavier Monsalvatje , des de el minut u ha est\u00e0 recolzant i col.laborant amb el nostre projecte , un orgull i un plaer tindre&#8217;l sempre al nostre costat . Ac\u00ed teniu una mostra de les seves magnifiques col\u00b7laboracions : Inicio Xavier Monsalvatje (Godella, Val\u00e8ncia, 1965). Graduat en l&#8217;especialitat de cer\u00e0mica art\u00edstica [&hellip;]<\/p>\n","protected":false},"author":1,"featured_media":0,"parent":0,"menu_order":0,"comment_status":"open","ping_status":"closed","template":"","meta":[],"_links":{"self":[{"href":"http:\/\/collectiupenjam.com\/index.php\/wp-json\/wp\/v2\/pages\/385"}],"collection":[{"href":"http:\/\/collectiupenjam.com\/index.php\/wp-json\/wp\/v2\/pages"}],"about":[{"href":"http:\/\/collectiupenjam.com\/index.php\/wp-json\/wp\/v2\/types\/page"}],"author":[{"embeddable":true,"href":"http:\/\/collectiupenjam.com\/index.php\/wp-json\/wp\/v2\/users\/1"}],"replies":[{"embeddable":true,"href":"http:\/\/collectiupenjam.com\/index.php\/wp-json\/wp\/v2\/comments?post=385"}],"version-history":[{"count":6,"href":"http:\/\/collectiupenjam.com\/index.php\/wp-json\/wp\/v2\/pages\/385\/revisions"}],"predecessor-version":[{"id":559,"href":"http:\/\/collectiupenjam.com\/index.php\/wp-json\/wp\/v2\/pages\/385\/revisions\/559"}],"wp:attachment":[{"href":"http:\/\/collectiupenjam.com\/index.php\/wp-json\/wp\/v2\/media?parent=385"}],"curies":[{"name":"wp","href":"https:\/\/api.w.org\/{rel}","templated":true}]}}